{"id":497,"date":"2022-02-09T14:32:23","date_gmt":"2022-02-09T14:32:23","guid":{"rendered":"https:\/\/www.cellsgen.com\/?post_type=product&#038;p=497"},"modified":"2022-05-11T11:22:27","modified_gmt":"2022-05-11T11:22:27","slug":"pro-revitalizing","status":"publish","type":"product","link":"https:\/\/www.cellsgen.com\/es\/producto\/pro-revitalizing\/","title":{"rendered":"Pro-Revitalizing"},"content":{"rendered":"<p>Crema retexturizante, nutritiva y antiarrugas. Con una combinaci\u00f3n exclusiva de activos antiaging de \u00faltima generaci\u00f3n deja su piel m\u00e1s lisa y suave. Su acci\u00f3n hidratante aporta suavidad y mantiene la dermis tersa, lisa y suave.<\/p>\n","protected":false},"excerpt":{"rendered":"<p>Micro Lift Face Cream &#8211; 50ml<\/p>\n","protected":false},"featured_media":1278,"comment_status":"closed","ping_status":"closed","template":"","meta":{"_et_pb_use_builder":"off","_et_pb_old_content":"Crema retexturizante, nutritiva y antiarrugas.\r\nCon una combinaci\u00f3n exclusiva de activos antiaging de \u00faltima\r\ngeneraci\u00f3n deja su piel m\u00e1s lisa y suave.\r\nSu acci\u00f3n hidratante aporta suavidad y mantiene la dermis\r\ntersa, lisa y suave.","_et_gb_content_width":"","inline_featured_image":false},"product_cat":[15],"product_tag":[],"acf":[],"yoast_head":"<!-- This site is optimized with the Yoast SEO plugin v22.8 - https:\/\/yoast.com\/wordpress\/plugins\/seo\/ -->\n<title>Pro-Revitalizing - Cellsgen<\/title>\n<meta name=\"robots\" content=\"index, follow, max-snippet:-1, max-image-preview:large, max-video-preview:-1\" \/>\n<link rel=\"canonical\" href=\"https:\/\/www.cellsgen.com\/es\/product\/pro-revitalizing\/\" \/>\n<meta property=\"og:locale\" content=\"es_ES\" \/>\n<meta property=\"og:type\" content=\"article\" \/>\n<meta property=\"og:title\" content=\"Pro-Revitalizing - Cellsgen\" \/>\n<meta property=\"og:description\" content=\"Micro Lift Face Cream - 50ml\" \/>\n<meta property=\"og:url\" content=\"https:\/\/www.cellsgen.com\/es\/product\/pro-revitalizing\/\" \/>\n<meta property=\"og:site_name\" content=\"Cellsgen\" \/>\n<meta property=\"article:modified_time\" content=\"2022-05-11T11:22:27+00:00\" \/>\n<meta property=\"og:image\" content=\"https:\/\/www.cellsgen.com\/wp-content\/uploads\/2022\/02\/PRO-REVITALIZING-1-1-1024x1024.png\" \/>\n\t<meta property=\"og:image:width\" content=\"1024\" \/>\n\t<meta property=\"og:image:height\" content=\"1024\" \/>\n\t<meta property=\"og:image:type\" content=\"image\/png\" \/>\n<meta name=\"twitter:card\" content=\"summary_large_image\" \/>\n<meta name=\"twitter:label1\" content=\"Tiempo de lectura\" \/>\n\t<meta name=\"twitter:data1\" content=\"1 minuto\" \/>\n<script type=\"application\/ld+json\" class=\"yoast-schema-graph\">{\"@context\":\"https:\/\/schema.org\",\"@graph\":[{\"@type\":\"WebPage\",\"@id\":\"https:\/\/www.cellsgen.com\/es\/product\/pro-revitalizing\/\",\"url\":\"https:\/\/www.cellsgen.com\/es\/product\/pro-revitalizing\/\",\"name\":\"Pro-Revitalizing - Cellsgen\",\"isPartOf\":{\"@id\":\"https:\/\/www.cellsgen.com\/#website\"},\"primaryImageOfPage\":{\"@id\":\"https:\/\/www.cellsgen.com\/es\/product\/pro-revitalizing\/#primaryimage\"},\"image\":{\"@id\":\"https:\/\/www.cellsgen.com\/es\/product\/pro-revitalizing\/#primaryimage\"},\"thumbnailUrl\":\"https:\/\/www.cellsgen.com\/wp-content\/uploads\/2022\/02\/PRO-REVITALIZING-1-1.png\",\"datePublished\":\"2022-02-09T14:32:23+00:00\",\"dateModified\":\"2022-05-11T11:22:27+00:00\",\"breadcrumb\":{\"@id\":\"https:\/\/www.cellsgen.com\/es\/product\/pro-revitalizing\/#breadcrumb\"},\"inLanguage\":\"es\",\"potentialAction\":[{\"@type\":\"ReadAction\",\"target\":[\"https:\/\/www.cellsgen.com\/es\/product\/pro-revitalizing\/\"]}]},{\"@type\":\"ImageObject\",\"inLanguage\":\"es\",\"@id\":\"https:\/\/www.cellsgen.com\/es\/product\/pro-revitalizing\/#primaryimage\",\"url\":\"https:\/\/www.cellsgen.com\/wp-content\/uploads\/2022\/02\/PRO-REVITALIZING-1-1.png\",\"contentUrl\":\"https:\/\/www.cellsgen.com\/wp-content\/uploads\/2022\/02\/PRO-REVITALIZING-1-1.png\",\"width\":2790,\"height\":2790},{\"@type\":\"BreadcrumbList\",\"@id\":\"https:\/\/www.cellsgen.com\/es\/product\/pro-revitalizing\/#breadcrumb\",\"itemListElement\":[{\"@type\":\"ListItem\",\"position\":1,\"name\":\"Inicio\",\"item\":\"https:\/\/www.cellsgen.com\/es\/\"},{\"@type\":\"ListItem\",\"position\":2,\"name\":\"Tienda\",\"item\":\"https:\/\/www.cellsgen.com\/shop\/\"},{\"@type\":\"ListItem\",\"position\":3,\"name\":\"Pro-Revitalizing\"}]},{\"@type\":\"WebSite\",\"@id\":\"https:\/\/www.cellsgen.com\/#website\",\"url\":\"https:\/\/www.cellsgen.com\/\",\"name\":\"Cellsgen\",\"description\":\"Cellular cosmetology, the medical skin care.\",\"potentialAction\":[{\"@type\":\"SearchAction\",\"target\":{\"@type\":\"EntryPoint\",\"urlTemplate\":\"https:\/\/www.cellsgen.com\/?s={search_term_string}\"},\"query-input\":\"required name=search_term_string\"}],\"inLanguage\":\"es\"}]}<\/script>\n<!-- \/ Yoast SEO plugin. -->","yoast_head_json":{"title":"Pro-Revitalizing - Cellsgen","robots":{"index":"index","follow":"follow","max-snippet":"max-snippet:-1","max-image-preview":"max-image-preview:large","max-video-preview":"max-video-preview:-1"},"canonical":"https:\/\/www.cellsgen.com\/es\/product\/pro-revitalizing\/","og_locale":"es_ES","og_type":"article","og_title":"Pro-Revitalizing - Cellsgen","og_description":"Micro Lift Face Cream - 50ml","og_url":"https:\/\/www.cellsgen.com\/es\/product\/pro-revitalizing\/","og_site_name":"Cellsgen","article_modified_time":"2022-05-11T11:22:27+00:00","og_image":[{"width":1024,"height":1024,"url":"https:\/\/www.cellsgen.com\/wp-content\/uploads\/2022\/02\/PRO-REVITALIZING-1-1-1024x1024.png","type":"image\/png"}],"twitter_card":"summary_large_image","twitter_misc":{"Tiempo de lectura":"1 minuto"},"schema":{"@context":"https:\/\/schema.org","@graph":[{"@type":"WebPage","@id":"https:\/\/www.cellsgen.com\/es\/product\/pro-revitalizing\/","url":"https:\/\/www.cellsgen.com\/es\/product\/pro-revitalizing\/","name":"Pro-Revitalizing - Cellsgen","isPartOf":{"@id":"https:\/\/www.cellsgen.com\/#website"},"primaryImageOfPage":{"@id":"https:\/\/www.cellsgen.com\/es\/product\/pro-revitalizing\/#primaryimage"},"image":{"@id":"https:\/\/www.cellsgen.com\/es\/product\/pro-revitalizing\/#primaryimage"},"thumbnailUrl":"https:\/\/www.cellsgen.com\/wp-content\/uploads\/2022\/02\/PRO-REVITALIZING-1-1.png","datePublished":"2022-02-09T14:32:23+00:00","dateModified":"2022-05-11T11:22:27+00:00","breadcrumb":{"@id":"https:\/\/www.cellsgen.com\/es\/product\/pro-revitalizing\/#breadcrumb"},"inLanguage":"es","potentialAction":[{"@type":"ReadAction","target":["https:\/\/www.cellsgen.com\/es\/product\/pro-revitalizing\/"]}]},{"@type":"ImageObject","inLanguage":"es","@id":"https:\/\/www.cellsgen.com\/es\/product\/pro-revitalizing\/#primaryimage","url":"https:\/\/www.cellsgen.com\/wp-content\/uploads\/2022\/02\/PRO-REVITALIZING-1-1.png","contentUrl":"https:\/\/www.cellsgen.com\/wp-content\/uploads\/2022\/02\/PRO-REVITALIZING-1-1.png","width":2790,"height":2790},{"@type":"BreadcrumbList","@id":"https:\/\/www.cellsgen.com\/es\/product\/pro-revitalizing\/#breadcrumb","itemListElement":[{"@type":"ListItem","position":1,"name":"Inicio","item":"https:\/\/www.cellsgen.com\/es\/"},{"@type":"ListItem","position":2,"name":"Tienda","item":"https:\/\/www.cellsgen.com\/shop\/"},{"@type":"ListItem","position":3,"name":"Pro-Revitalizing"}]},{"@type":"WebSite","@id":"https:\/\/www.cellsgen.com\/#website","url":"https:\/\/www.cellsgen.com\/","name":"Cellsgen","description":"Cellular cosmetology, the medical skin care.","potentialAction":[{"@type":"SearchAction","target":{"@type":"EntryPoint","urlTemplate":"https:\/\/www.cellsgen.com\/?s={search_term_string}"},"query-input":"required name=search_term_string"}],"inLanguage":"es"}]}},"_links":{"self":[{"href":"https:\/\/www.cellsgen.com\/es\/wp-json\/wp\/v2\/product\/497"}],"collection":[{"href":"https:\/\/www.cellsgen.com\/es\/wp-json\/wp\/v2\/product"}],"about":[{"href":"https:\/\/www.cellsgen.com\/es\/wp-json\/wp\/v2\/types\/product"}],"replies":[{"embeddable":true,"href":"https:\/\/www.cellsgen.com\/es\/wp-json\/wp\/v2\/comments?post=497"}],"wp:featuredmedia":[{"embeddable":true,"href":"https:\/\/www.cellsgen.com\/es\/wp-json\/wp\/v2\/media\/1278"}],"wp:attachment":[{"href":"https:\/\/www.cellsgen.com\/es\/wp-json\/wp\/v2\/media?parent=497"}],"wp:term":[{"taxonomy":"product_cat","embeddable":true,"href":"https:\/\/www.cellsgen.com\/es\/wp-json\/wp\/v2\/product_cat?post=497"},{"taxonomy":"product_tag","embeddable":true,"href":"https:\/\/www.cellsgen.com\/es\/wp-json\/wp\/v2\/product_tag?post=497"}],"curies":[{"name":"wp","href":"https:\/\/api.w.org\/{rel}","templated":true}]}}